{"id":124,"date":"2019-12-05T17:03:31","date_gmt":"2019-12-05T16:03:31","guid":{"rendered":"http:\/\/www.tiarvro22.bzh\/?page_id=124"},"modified":"2021-11-17T12:06:52","modified_gmt":"2021-11-17T11:06:52","slug":"cercles-et-bagadou","status":"publish","type":"page","link":"https:\/\/www.tiarvro22.bzh\/index.php\/cercles-et-bagadou\/","title":{"rendered":"Cercles et bagado\u00f9"},"content":{"rendered":"\t\t<div data-elementor-type=\"wp-page\" data-elementor-id=\"124\" class=\"elementor elementor-124\">\n\t\t\t\t\t\t<section class=\"elementor-section elementor-top-section elementor-element elementor-element-4463728 elementor-section-boxed elementor-section-height-default elementor-section-height-default\" data-id=\"4463728\" data-element_type=\"section\" data-e-type=\"section\">\n\t\t\t\t\t\t<div class=\"elementor-container elementor-column-gap-default\">\n\t\t\t\t\t<div class=\"elementor-column elementor-col-100 elementor-top-column elementor-element elementor-element-addcdfa\" data-id=\"addcdfa\" data-element_type=\"column\" data-e-type=\"column\">\n\t\t\t<div class=\"elementor-widget-wrap elementor-element-populated\">\n\t\t\t\t\t\t<div class=\"elementor-element elementor-element-2797275 elementor-widget elementor-widget-heading\" data-id=\"2797275\" data-element_type=\"widget\" data-e-type=\"widget\" data-widget_type=\"heading.default\">\n\t\t\t\t<div class=\"elementor-widget-container\">\n\t\t\t\t\t<h2 class=\"elementor-heading-title elementor-size-default\">KELC'HIOU KELTIEK ha BAGADOU<\/h2>\t\t\t\t<\/div>\n\t\t\t\t<\/div>\n\t\t\t\t<div class=\"elementor-element elementor-element-82992de elementor-widget elementor-widget-image\" data-id=\"82992de\" data-element_type=\"widget\" data-e-type=\"widget\" data-widget_type=\"image.default\">\n\t\t\t\t<div class=\"elementor-widget-container\">\n\t\t\t\t\t\t\t\t\t\t\t\t\t\t\t<img fetchpriority=\"high\" decoding=\"async\" width=\"625\" height=\"417\" src=\"https:\/\/www.tiarvro22.bzh\/wp-content\/uploads\/2019\/12\/bagad_perroz.jpg\" class=\"attachment-large size-large wp-image-128\" alt=\"Bagad Perroz\" srcset=\"https:\/\/www.tiarvro22.bzh\/wp-content\/uploads\/2019\/12\/bagad_perroz.jpg 907w, https:\/\/www.tiarvro22.bzh\/wp-content\/uploads\/2019\/12\/bagad_perroz-300x200.jpg 300w, https:\/\/www.tiarvro22.bzh\/wp-content\/uploads\/2019\/12\/bagad_perroz-768x512.jpg 768w, https:\/\/www.tiarvro22.bzh\/wp-content\/uploads\/2019\/12\/bagad_perroz-624x416.jpg 624w\" sizes=\"(max-width: 625px) 100vw, 625px\" \/>\t\t\t\t\t\t\t\t\t\t\t\t\t\t\t<\/div>\n\t\t\t\t<\/div>\n\t\t\t\t<section class=\"elementor-section elementor-inner-section elementor-element elementor-element-73f1b43 elementor-section-boxed elementor-section-height-default elementor-section-height-default\" data-id=\"73f1b43\" data-element_type=\"section\" data-e-type=\"section\">\n\t\t\t\t\t\t<div class=\"elementor-container elementor-column-gap-default\">\n\t\t\t\t\t<div class=\"elementor-column elementor-col-50 elementor-inner-column elementor-element elementor-element-e19160d\" data-id=\"e19160d\" data-element_type=\"column\" data-e-type=\"column\">\n\t\t\t<div class=\"elementor-widget-wrap elementor-element-populated\">\n\t\t\t\t\t\t<div class=\"elementor-element elementor-element-a5853a1 elementor-widget elementor-widget-text-editor\" data-id=\"a5853a1\" data-element_type=\"widget\" data-e-type=\"widget\" data-widget_type=\"text-editor.default\">\n\t\t\t\t<div class=\"elementor-widget-container\">\n\t\t\t\t\t\t\t\t\t<p><b>E-ke\u00f1ver kreisteiz departamant Penn-ar-Bed e vez kavet kalz nebeutoc\u2019h a gelc\u2019hio\u00f9 hag a vagado\u00f9 en Treger-Gouelo\u00f9. Un toullad strollado\u00f9 a-feson a zo memes tra, hag al labour kaset ganto evit buhezi\u00f1, ha deski\u00f1 d\u2019an dud da\u00f1sal ha seni\u00f1 a zo frouezhus.<\/b><\/p><p><b>Ar Bagado\u00f9<\/b><br \/>Ezel int deus ar c\u2019hevredad anvet \u00abSonerion\u00bb. Ar strollado\u00f9-se, binio\u00f9-bras, bombardo\u00f9 ha taboulino\u00f9 a zo bet ganet er bloavezhio\u00f9 \u201850 e Breizh. Youl krouerien diouzh ar mare-se a oa gwellaat skeudenn ar sonerien vreton, savetei\u00f1 ha brouda\u00f1 ar grouidigezh, ha rei\u00f1 lorc\u2019h en-dro d\u2019an dud da veza\u00f1 breton.<br \/>Da genta\u00f1 e sonent en ur vale met brema\u00f1 int en em lakaet da sevel abadenno\u00f9 sonerezh pe lazo\u00f9-seni\u00f1 breizhek. Sonerezh ar bagado\u00f9 a vez klevet brema\u00f1 war leurenno\u00f9 bras Breizh hag ar bed, ha kustum eo sonerien ar bagado\u00f9 da labourat gant tud a bep seurt.<\/p><p><b>Ar c\u2019helc\u2019hio\u00f9 keltiek<\/b><br \/>Bodet e vez ar c\u2019helc\u2019hio\u00f9 keltiek e-barzh div gevredad : Kendalc\u2019h\u00a0 ha War\u2019l Leur. Ar c\u2019helc\u2019hio\u00f9 keltiek gant da\u00f1serien o dilhad hengounel o deus ivez brudet an da\u00f1s e-touez an dud. An doare da da\u00f1sal a zo aet war-raok ivez betek tapout live ha stumm an abadenno\u00f9 da\u00f1s a-vrema\u00f1.<\/p><p><b>Da vont pelloc\u2019h<\/b><br \/><a href=\"http:\/\/www.kenleur.bzh\">www.kenleur.bzh<\/a><br \/><a href=\"http:\/\/www.sonerion.bzh\" target=\"_blank\" rel=\"noopener\">www.sonerion.bzh<\/a><\/p>\t\t\t\t\t\t\t\t<\/div>\n\t\t\t\t<\/div>\n\t\t\t\t\t<\/div>\n\t\t<\/div>\n\t\t\t\t<div class=\"elementor-column elementor-col-50 elementor-inner-column elementor-element elementor-element-900e857\" data-id=\"900e857\" data-element_type=\"column\" data-e-type=\"column\">\n\t\t\t<div class=\"elementor-widget-wrap elementor-element-populated\">\n\t\t\t\t\t\t<div class=\"elementor-element elementor-element-9d3eed2 elementor-widget elementor-widget-text-editor\" data-id=\"9d3eed2\" data-element_type=\"widget\" data-e-type=\"widget\" data-widget_type=\"text-editor.default\">\n\t\t\t\t<div class=\"elementor-widget-container\">\n\t\t\t\t\t\t\t\t\t<p><b><i>Compar\u00e9 au sud du Finist\u00e8re, le Tr\u00e9gor-Go\u00eblo n\u2019est pas \u00e0 proprement parl\u00e9 une terre de bagado\u00f9 et de cercles celtiques. Quelques ensembles de qualit\u00e9 existent cependant r\u00e9alisant un important travail d\u2019animation et de d\u00e9mocratisation de l\u2019apprentissage des danses et musique bretonne.<\/i><\/b><\/p><p><i><b>Les bagado\u00f9<\/b><br \/>Repr\u00e9sent\u00e9s par la f\u00e9d\u00e9ration r\u00e9gionale Sonerion, ces ensembles de cornemuses \u00e9cossaises, bombardes, batteries sont n\u00e9s dans les ann\u00e9es 50 en Bretagne. La volont\u00e9 des cr\u00e9ateurs de Sonerion \u00e0 l\u2019\u00e9poque \u00e9tait de revaloriser l\u2019image du sonneur traditionnel breton, sauver et dynamiser la cr\u00e9ation musicale en Bretagne, f\u00e9d\u00e9rer la population autour de sa fiert\u00e9 identitaire.<br \/>D\u2019une musique d\u2019apparat et de d\u00e9fil\u00e9, la musique de bagad a consid\u00e9rablement \u00e9volu\u00e9 ces derni\u00e8res ann\u00e9es pour devenir une v\u00e9ritable musique de concert. La musique de bagad est aujourd\u2019hui sur toutes les grandes sc\u00e8nes de Bretagne et du monde, se m\u00e9tissant avec toutes sortes d\u2019esth\u00e9tiques, de cultures, d\u2019artistes.<\/i><\/p><p><i><b>Les cercles celtiques<\/b><br \/>Repr\u00e9sent\u00e9s au sein de deux f\u00e9d\u00e9rations (Kendalc\u2019h et War\u2019l Leur), les cercles celtiques, groupes de danseurs en costume traditionnel, ont \u00e9galement largement contribu\u00e9 \u00e0 la d\u00e9mocratisation de la danse bretonne au sein de la population. Son expression a \u00e9galement \u00e9norm\u00e9ment \u00e9volu\u00e9 passant du simple d\u00e9fil\u00e9 aux spectacles sc\u00e9niques des plus contemporains. <\/i><\/p>\t\t\t\t\t\t\t\t<\/div>\n\t\t\t\t<\/div>\n\t\t\t\t\t<\/div>\n\t\t<\/div>\n\t\t\t\t\t<\/div>\n\t\t<\/section>\n\t\t\t\t<div class=\"elementor-element elementor-element-fe6cb85 elementor-widget elementor-widget-text-editor\" data-id=\"fe6cb85\" data-element_type=\"widget\" data-e-type=\"widget\" data-widget_type=\"text-editor.default\">\n\t\t\t\t<div class=\"elementor-widget-container\">\n\t\t\t\t\t\t\t\t\t<p><b>Les cercles celtiques du Tr\u00e9gor-Go\u00eblo<\/b><br \/>Cercle celtique Anjela Duval &#8211; Paimpol<br \/>Cercle celtique Ar Skewell &#8211; Perros-Guirec<br \/>Cercle celtique Korriganed Pa\u00f1vrid &#8211; Pommerit-Le-Vicomte<br \/>Cercle celtique de Bourbriac<br \/>Cercle celtique de Garlan<br \/>Cercle celtique Kroazhent Gwengamp<br \/>Cercle celtique de Plestin-les-Gr\u00e8ves<br \/>Cercle celtique de Tressignaux<br \/>Meskajo\u00f9 &#8211; Tr\u00e9beurden<br \/>Korollerien Lannon &#8211; Lanvollon<\/p><p><b>Les bagado\u00f9<\/b><br \/>Bagad Boulvriag &#8211; Bourbriac<br \/>Bagad Gwengamp &#8211; Guingamp<br \/>Bagad Sonerien Bro Montroulez &#8211; Morlaix<br \/>Bagad Pa\u00f1vrid-ar-Beskont &#8211; Pommerit-Le-Vicomte<br \/>Bagad Pempoull<br \/>Bagad Plouha<br \/>Bagad Sonerien Bro-Dreger &#8211; Perros-Guirec<br \/>Bagad Landreger &#8211; Tr\u00e9guier<br \/>Bagad Sonerien da Viken &#8211; Tr\u00e9guier<\/p><p><b>Sonerion 22<\/b><br \/><a href=\"mailto:aodouanarvro@sonerion.bzh\">aodouanarvro@sonerion.bzh<\/a><\/p>\t\t\t\t\t\t\t\t<\/div>\n\t\t\t\t<\/div>\n\t\t\t\t\t<\/div>\n\t\t<\/div>\n\t\t\t\t\t<\/div>\n\t\t<\/section>\n\t\t\t\t<\/div>\n\t\t","protected":false},"excerpt":{"rendered":"<p>KELC&rsquo;HIOU KELTIEK ha BAGADOU E-ke\u00f1ver kreisteiz departamant Penn-ar-Bed e vez kavet kalz nebeutoc\u2019h a gelc\u2019hio\u00f9 hag a vagado\u00f9 en Treger-Gouelo\u00f9. Un toullad strollado\u00f9 a-feson a zo memes tra, hag al&#8230; <a href=\"https:\/\/www.tiarvro22.bzh\/index.php\/cercles-et-bagadou\/\">da heul &raquo;<\/a><\/p>\n","protected":false},"author":1,"featured_media":0,"parent":0,"menu_order":0,"comment_status":"closed","ping_status":"closed","template":"","meta":{"footnotes":""},"class_list":["post-124","page","type-page","status-publish","hentry"],"_links":{"self":[{"href":"https:\/\/www.tiarvro22.bzh\/index.php\/wp-json\/wp\/v2\/pages\/124","targetHints":{"allow":["GET"]}}],"collection":[{"href":"https:\/\/www.tiarvro22.bzh\/index.php\/wp-json\/wp\/v2\/pages"}],"about":[{"href":"https:\/\/www.tiarvro22.bzh\/index.php\/wp-json\/wp\/v2\/types\/page"}],"author":[{"embeddable":true,"href":"https:\/\/www.tiarvro22.bzh\/index.php\/wp-json\/wp\/v2\/users\/1"}],"replies":[{"embeddable":true,"href":"https:\/\/www.tiarvro22.bzh\/index.php\/wp-json\/wp\/v2\/comments?post=124"}],"version-history":[{"count":11,"href":"https:\/\/www.tiarvro22.bzh\/index.php\/wp-json\/wp\/v2\/pages\/124\/revisions"}],"predecessor-version":[{"id":1224,"href":"https:\/\/www.tiarvro22.bzh\/index.php\/wp-json\/wp\/v2\/pages\/124\/revisions\/1224"}],"wp:attachment":[{"href":"https:\/\/www.tiarvro22.bzh\/index.php\/wp-json\/wp\/v2\/media?parent=124"}],"curies":[{"name":"wp","href":"https:\/\/api.w.org\/{rel}","templated":true}]}}