{"id":139,"date":"2019-12-06T09:41:44","date_gmt":"2019-12-06T08:41:44","guid":{"rendered":"http:\/\/www.tiarvro22.bzh\/?page_id=139"},"modified":"2019-12-06T09:57:38","modified_gmt":"2019-12-06T08:57:38","slug":"annuaires","status":"publish","type":"page","link":"https:\/\/www.tiarvro22.bzh\/index.php\/annuaires\/","title":{"rendered":"Annuaires"},"content":{"rendered":"\t\t<div data-elementor-type=\"wp-page\" data-elementor-id=\"139\" class=\"elementor elementor-139\">\n\t\t\t\t\t\t<section class=\"elementor-section elementor-top-section elementor-element elementor-element-cb47cd5 elementor-section-boxed elementor-section-height-default elementor-section-height-default\" data-id=\"cb47cd5\" data-element_type=\"section\" data-e-type=\"section\">\n\t\t\t\t\t\t<div class=\"elementor-container elementor-column-gap-default\">\n\t\t\t\t\t<div class=\"elementor-column elementor-col-100 elementor-top-column elementor-element elementor-element-48c63ec\" data-id=\"48c63ec\" data-element_type=\"column\" data-e-type=\"column\">\n\t\t\t<div class=\"elementor-widget-wrap elementor-element-populated\">\n\t\t\t\t\t\t<div class=\"elementor-element elementor-element-1d78ebb elementor-widget elementor-widget-heading\" data-id=\"1d78ebb\" data-element_type=\"widget\" data-e-type=\"widget\" data-widget_type=\"heading.default\">\n\t\t\t\t<div class=\"elementor-widget-container\">\n\t\t\t\t\t<h2 class=\"elementor-heading-title elementor-size-default\">ROLL CHOMLEC'HIOU<\/h2>\t\t\t\t<\/div>\n\t\t\t\t<\/div>\n\t\t\t\t<section class=\"elementor-section elementor-inner-section elementor-element elementor-element-68a52ea elementor-section-boxed elementor-section-height-default elementor-section-height-default\" data-id=\"68a52ea\" data-element_type=\"section\" data-e-type=\"section\">\n\t\t\t\t\t\t<div class=\"elementor-container elementor-column-gap-default\">\n\t\t\t\t\t<div class=\"elementor-column elementor-col-50 elementor-inner-column elementor-element elementor-element-c8b8318\" data-id=\"c8b8318\" data-element_type=\"column\" data-e-type=\"column\">\n\t\t\t<div class=\"elementor-widget-wrap elementor-element-populated\">\n\t\t\t\t\t\t<div class=\"elementor-element elementor-element-e96276f elementor-widget elementor-widget-image\" data-id=\"e96276f\" data-element_type=\"widget\" data-e-type=\"widget\" data-widget_type=\"image.default\">\n\t\t\t\t<div class=\"elementor-widget-container\">\n\t\t\t\t\t\t\t\t\t\t\t\t\t\t\t<img fetchpriority=\"high\" decoding=\"async\" width=\"625\" height=\"419\" src=\"https:\/\/www.tiarvro22.bzh\/wp-content\/uploads\/2019\/12\/Fr\u00e8res-Morvan-Photo-P-Morvan-DSC09904-1024x686.jpg\" class=\"attachment-large size-large wp-image-146\" alt=\"Fr\u00e8res Morvan\" srcset=\"https:\/\/www.tiarvro22.bzh\/wp-content\/uploads\/2019\/12\/Fr\u00e8res-Morvan-Photo-P-Morvan-DSC09904-1024x686.jpg 1024w, https:\/\/www.tiarvro22.bzh\/wp-content\/uploads\/2019\/12\/Fr\u00e8res-Morvan-Photo-P-Morvan-DSC09904-300x201.jpg 300w, https:\/\/www.tiarvro22.bzh\/wp-content\/uploads\/2019\/12\/Fr\u00e8res-Morvan-Photo-P-Morvan-DSC09904-768x514.jpg 768w, https:\/\/www.tiarvro22.bzh\/wp-content\/uploads\/2019\/12\/Fr\u00e8res-Morvan-Photo-P-Morvan-DSC09904-1536x1028.jpg 1536w, https:\/\/www.tiarvro22.bzh\/wp-content\/uploads\/2019\/12\/Fr\u00e8res-Morvan-Photo-P-Morvan-DSC09904-2048x1371.jpg 2048w, https:\/\/www.tiarvro22.bzh\/wp-content\/uploads\/2019\/12\/Fr\u00e8res-Morvan-Photo-P-Morvan-DSC09904-624x418.jpg 624w\" sizes=\"(max-width: 625px) 100vw, 625px\" \/>\t\t\t\t\t\t\t\t\t\t\t\t\t\t\t<\/div>\n\t\t\t\t<\/div>\n\t\t\t\t<div class=\"elementor-element elementor-element-a29b365 elementor-widget elementor-widget-text-editor\" data-id=\"a29b365\" data-element_type=\"widget\" data-e-type=\"widget\" data-widget_type=\"text-editor.default\">\n\t\t\t\t<div class=\"elementor-widget-container\">\n\t\t\t\t\t\t\t\t\t<h2><a href=\"http:\/\/www.tiarvro22.bzh\/index.php\/annuaires-des-associations\/\">Les associations<\/a><\/h2><h2><a href=\"http:\/\/www.tiarvro22.bzh\/index.php\/annuaires-des-musiciens\/\">Les musiciens<\/a><\/h2><h2><a href=\"http:\/\/www.tiarvro22.bzh\/index.php\/annuaire-regional\/\">Les associations r\u00e9gionales<\/a><\/h2><div><h2><a href=\"http:\/\/www.tiarvro22.bzh\/index.php\/cercles-et-bagadou\/\">Cercles et bagado\u00f9<\/a><\/h2><\/div>\t\t\t\t\t\t\t\t<\/div>\n\t\t\t\t<\/div>\n\t\t\t\t\t<\/div>\n\t\t<\/div>\n\t\t\t\t<div class=\"elementor-column elementor-col-50 elementor-inner-column elementor-element elementor-element-2ab4191\" data-id=\"2ab4191\" data-element_type=\"column\" data-e-type=\"column\">\n\t\t\t<div class=\"elementor-widget-wrap elementor-element-populated\">\n\t\t\t\t\t\t<div class=\"elementor-element elementor-element-075b361 elementor-widget elementor-widget-text-editor\" data-id=\"075b361\" data-element_type=\"widget\" data-e-type=\"widget\" data-widget_type=\"text-editor.default\">\n\t\t\t\t<div class=\"elementor-widget-container\">\n\t\t\t\t\t\t\t\t\t<p>Ti ar Vro f\u00e9d\u00e8re les associations de langue et culture bretonne du Tr\u00e9gor-Go\u00eblo. A ce titre, nous mettons \u00e0 disposition les adresses des associations, des musiciens, des structures qui font le dynamisme culturel de notre territoire. Vous trouverez ainsi tous les contacts pour vous impliquer \u00e0 votre tour !<\/p><p><i>Conform\u00e9ment \u00e0 la loi Informatique et Libert\u00e9, vous pouvez demander \u00e0 ne pas figurer sur ces lites ou \u00e0 modifier vos donn\u00e9es. Veuillez ainsi nous contacter : <a href=\"mailto:contact@tiarvro22.bzh\" target=\"_blank\" rel=\"noopener\">contact@tiarvro22.bzh<\/a> ou 02 96 49 80 55<\/i><\/p>\t\t\t\t\t\t\t\t<\/div>\n\t\t\t\t<\/div>\n\t\t\t\t\t<\/div>\n\t\t<\/div>\n\t\t\t\t\t<\/div>\n\t\t<\/section>\n\t\t\t\t\t<\/div>\n\t\t<\/div>\n\t\t\t\t\t<\/div>\n\t\t<\/section>\n\t\t\t\t<\/div>\n\t\t","protected":false},"excerpt":{"rendered":"<p>ROLL CHOMLEC&rsquo;HIOU Les associations Les musiciens Les associations r\u00e9gionales Cercles et bagado\u00f9 Ti ar Vro f\u00e9d\u00e8re les associations de langue et culture bretonne du Tr\u00e9gor-Go\u00eblo. A ce titre, nous mettons&#8230; <a href=\"https:\/\/www.tiarvro22.bzh\/index.php\/annuaires\/\">da heul &raquo;<\/a><\/p>\n","protected":false},"author":1,"featured_media":0,"parent":0,"menu_order":0,"comment_status":"closed","ping_status":"closed","template":"","meta":{"footnotes":""},"class_list":["post-139","page","type-page","status-publish","hentry"],"_links":{"self":[{"href":"https:\/\/www.tiarvro22.bzh\/index.php\/wp-json\/wp\/v2\/pages\/139","targetHints":{"allow":["GET"]}}],"collection":[{"href":"https:\/\/www.tiarvro22.bzh\/index.php\/wp-json\/wp\/v2\/pages"}],"about":[{"href":"https:\/\/www.tiarvro22.bzh\/index.php\/wp-json\/wp\/v2\/types\/page"}],"author":[{"embeddable":true,"href":"https:\/\/www.tiarvro22.bzh\/index.php\/wp-json\/wp\/v2\/users\/1"}],"replies":[{"embeddable":true,"href":"https:\/\/www.tiarvro22.bzh\/index.php\/wp-json\/wp\/v2\/comments?post=139"}],"version-history":[{"count":5,"href":"https:\/\/www.tiarvro22.bzh\/index.php\/wp-json\/wp\/v2\/pages\/139\/revisions"}],"predecessor-version":[{"id":147,"href":"https:\/\/www.tiarvro22.bzh\/index.php\/wp-json\/wp\/v2\/pages\/139\/revisions\/147"}],"wp:attachment":[{"href":"https:\/\/www.tiarvro22.bzh\/index.php\/wp-json\/wp\/v2\/media?parent=139"}],"curies":[{"name":"wp","href":"https:\/\/api.w.org\/{rel}","templated":true}]}}