{"id":16,"date":"2019-12-05T14:04:22","date_gmt":"2019-12-05T13:04:22","guid":{"rendered":"http:\/\/www.tiarvro22.bzh\/?page_id=16"},"modified":"2025-12-18T17:06:09","modified_gmt":"2025-12-18T16:06:09","slug":"ti-ar-vro","status":"publish","type":"page","link":"https:\/\/www.tiarvro22.bzh\/index.php\/ti-ar-vro\/","title":{"rendered":"Ti ar Vro"},"content":{"rendered":"\t\t<div data-elementor-type=\"wp-page\" data-elementor-id=\"16\" class=\"elementor elementor-16\">\n\t\t\t\t\t\t<section class=\"elementor-section elementor-top-section elementor-element elementor-element-e76caab elementor-section-boxed elementor-section-height-default elementor-section-height-default\" data-id=\"e76caab\" data-element_type=\"section\" data-e-type=\"section\">\n\t\t\t\t\t\t<div class=\"elementor-container elementor-column-gap-default\">\n\t\t\t\t\t<div class=\"elementor-column elementor-col-100 elementor-top-column elementor-element elementor-element-2527893\" data-id=\"2527893\" data-element_type=\"column\" data-e-type=\"column\">\n\t\t\t<div class=\"elementor-widget-wrap elementor-element-populated\">\n\t\t\t\t\t\t<div class=\"elementor-element elementor-element-a5dbc4f elementor-widget elementor-widget-heading\" data-id=\"a5dbc4f\" data-element_type=\"widget\" data-e-type=\"widget\" data-widget_type=\"heading.default\">\n\t\t\t\t<div class=\"elementor-widget-container\">\n\t\t\t\t\t<h2 class=\"elementor-heading-title elementor-size-default\">MAISON DE LA CULTURE BRETONNE DU TREGOR-GO\u00cbLO<\/h2>\t\t\t\t<\/div>\n\t\t\t\t<\/div>\n\t\t\t\t<div class=\"elementor-element elementor-element-8987343 elementor-widget elementor-widget-heading\" data-id=\"8987343\" data-element_type=\"widget\" data-e-type=\"widget\" data-widget_type=\"heading.default\">\n\t\t\t\t<div class=\"elementor-widget-container\">\n\t\t\t\t\t<h2 class=\"elementor-heading-title elementor-size-default\">AR SEVENADUR BREIZH E TREGER-GOUELOU<\/h2>\t\t\t\t<\/div>\n\t\t\t\t<\/div>\n\t\t\t\t\t<\/div>\n\t\t<\/div>\n\t\t\t\t\t<\/div>\n\t\t<\/section>\n\t\t\t\t<section class=\"elementor-section elementor-top-section elementor-element elementor-element-0507f6c elementor-section-boxed elementor-section-height-default elementor-section-height-default\" data-id=\"0507f6c\" data-element_type=\"section\" data-e-type=\"section\">\n\t\t\t\t\t\t<div class=\"elementor-container elementor-column-gap-default\">\n\t\t\t\t\t<div class=\"elementor-column elementor-col-100 elementor-top-column elementor-element elementor-element-7b01e58\" data-id=\"7b01e58\" data-element_type=\"column\" data-e-type=\"column\">\n\t\t\t<div class=\"elementor-widget-wrap elementor-element-populated\">\n\t\t\t\t\t\t<section class=\"elementor-section elementor-inner-section elementor-element elementor-element-0db43ba elementor-section-boxed elementor-section-height-default elementor-section-height-default\" data-id=\"0db43ba\" data-element_type=\"section\" data-e-type=\"section\">\n\t\t\t\t\t\t<div class=\"elementor-container elementor-column-gap-default\">\n\t\t\t\t\t<div class=\"elementor-column elementor-col-50 elementor-inner-column elementor-element elementor-element-12ae2de\" data-id=\"12ae2de\" data-element_type=\"column\" data-e-type=\"column\">\n\t\t\t<div class=\"elementor-widget-wrap elementor-element-populated\">\n\t\t\t\t\t\t<div class=\"elementor-element elementor-element-bee3ce7 elementor-widget elementor-widget-image\" data-id=\"bee3ce7\" data-element_type=\"widget\" data-e-type=\"widget\" data-widget_type=\"image.default\">\n\t\t\t\t<div class=\"elementor-widget-container\">\n\t\t\t\t\t\t\t\t\t\t\t\t\t\t\t<img fetchpriority=\"high\" decoding=\"async\" width=\"425\" height=\"284\" src=\"https:\/\/www.tiarvro22.bzh\/wp-content\/uploads\/2019\/12\/ti-ar-vro-2018_web.jpg\" class=\"attachment-large size-large wp-image-78\" alt=\"Ti ar Vro Treger-Gouelo\u00f9\" srcset=\"https:\/\/www.tiarvro22.bzh\/wp-content\/uploads\/2019\/12\/ti-ar-vro-2018_web.jpg 425w, https:\/\/www.tiarvro22.bzh\/wp-content\/uploads\/2019\/12\/ti-ar-vro-2018_web-300x200.jpg 300w\" sizes=\"(max-width: 425px) 100vw, 425px\" \/>\t\t\t\t\t\t\t\t\t\t\t\t\t\t\t<\/div>\n\t\t\t\t<\/div>\n\t\t\t\t<div class=\"elementor-element elementor-element-7a8238a elementor-widget elementor-widget-text-editor\" data-id=\"7a8238a\" data-element_type=\"widget\" data-e-type=\"widget\" data-widget_type=\"text-editor.default\">\n\t\t\t\t<div class=\"elementor-widget-container\">\n\t\t\t\t\t\t\t\t\t<p><strong>Ti ar Vro\u00a0: 20 vloaz e 2026\u00a0!<\/strong><\/p><p><strong>Ti ar Vro Treger-Gouelo\u00f9 a labour, abaoe ugent vloaz brema\u00f1, evit diorren ha bruda\u00f1 ar yezh hag ar sevenadur dre ar vro. Ar c\u2019hevredad, pe \u00ab Emglev bro \u00bb zo anavezet en deiz a hirie evit e startijenn, e nerzh, e siriusted hag e varregezh kinnig. Ti sevenadur Breizh Treger-Gouelo\u00f9 a stroll 35 kevredigezh hag ouzhpenn 350 ezel. A vloaz da vloaz eo deuet da veza\u00f1 ur gevredigezh a-bouez war dachenn ar sevenadur e Treger-Gouelo\u00f9 a-drugarez d\u2019he lusk ha d\u2019he startijenn.<\/strong><\/p><p>Krouet eo bet ar c\u2019hevredad e 1996 ha digoret e voe \u00ab ti ar vro \u00bb e 2006 e Kawan. An ti-ma\u00f1 zo arouez ar sevenadur e Treger-Gouelo\u00f9 evel-just met ivez ur savadur a vod meur a servij hag a framm dishe\u00f1vel o labourat holl evit kas sevenadur Breizh war-raok.<\/p><p><strong>Ur servij kelenn d\u2019an dud deuet<\/strong><br \/>Pevar c\u2019helenner leun-amzer a gelenn d\u2019an dud-deuet bep sizhun e pemzek kumun Bro Dreger-Gouelo\u00f9 d\u2019un 300 skoliad bennak. Kelenn a reont ivez e LTC, Orange pe el lise Peurid.<\/p><p><strong>Ur servij yaouankiz<\/strong><br \/>Krouet e 2016, ar servij-ma\u00f1 a ginnig aoza\u00f1 prantado\u00f9 buhezi\u00f1 er skol pe e-maez eus ar skol da dreuzkas sevenadur ar vro d\u2019ar vugale. Bep bloaz vez gwellet tost 1500 bugel eus ar vro gant an animatourien.<\/p><p><strong>Ur perzh alia\u00f1 ha kuzulia\u00f1<\/strong> o deus e meur strollad-labour e strollegezhio\u00f9 ar vro.<\/p><p><strong>Ur studio sonerezh<\/strong> evit ar c\u2019hentelio\u00f9 sonerezh sizhuniek roet gant skol sonerezh Bear pe pleustradego\u00f9 strollado\u00f9 sonerezh<\/p><p><strong>Ul levraoueg hollvrezhoneg,<\/strong> skourr digreizennet Levraoueg departamant Aodo\u00f9-an-Arvor staliet e Plerin.<\/p><p><strong>Ur servij buhezi\u00f1 e brezhoneg \u2018barzh Tiez ar reo\u00f9 gozh.<\/strong> Gwellet e vez tud bemdez \u2018barzh 32 Ehpad ar vro\u00a0!<\/p><p><strong>Burev Div Yezh Breizh,<\/strong> Kevredigezh tud skolidi evit ar c\u2019helenn brezhoneg er skolio\u00f9 publik<\/p><p><strong>Ur servij buhezi\u00f1<\/strong>, aoza\u00f1 abadenno\u00f9. Festo\u00f9-noz, abadenno\u00f9, prezegenno\u00f9, diskouezadego\u00f9 a-bep seurt vez aozet gant Ti ar Vro abaoe bloavezhio\u00f9 e Kawan evel just met ivez e Treger a-bez.<\/p><p>Meur a zoare zo da gaout kelo\u00f9 eus ar pezh a ra Ti ar Vro : Keleier ar miz dre bostel, pajenn Facebook, lec\u2019hienn Internet, chadenn Youtube, kont Instagram.<\/p><p><em>Digor vez d\u2019al Lun betek ar Gwener eus 9e betek 6e d\u2019abardaez ha d\u2019ar Sadorn beure.<\/em><br \/><em><a href=\"http:\/\/www.tiarvro22.bzh\">www.tiarvro22.bzh<\/a> \/ <a href=\"mailto:contact@tiarvro22.bzh\">contact@tiarvro22.bzh<\/a><\/em><\/p>\t\t\t\t\t\t\t\t<\/div>\n\t\t\t\t<\/div>\n\t\t\t\t\t<\/div>\n\t\t<\/div>\n\t\t\t\t<div class=\"elementor-column elementor-col-50 elementor-inner-column elementor-element elementor-element-42186a0\" data-id=\"42186a0\" data-element_type=\"column\" data-e-type=\"column\">\n\t\t\t<div class=\"elementor-widget-wrap elementor-element-populated\">\n\t\t\t\t\t\t<div class=\"elementor-element elementor-element-77ca7bb elementor-widget elementor-widget-image\" data-id=\"77ca7bb\" data-element_type=\"widget\" data-e-type=\"widget\" data-widget_type=\"image.default\">\n\t\t\t\t<div class=\"elementor-widget-container\">\n\t\t\t\t\t\t\t\t\t\t\t\t\t\t\t<img decoding=\"async\" width=\"625\" height=\"417\" src=\"https:\/\/www.tiarvro22.bzh\/wp-content\/uploads\/2019\/12\/musiciens-cavan_web-1024x683.jpg\" class=\"attachment-large size-large wp-image-79\" alt=\"Ti ar Vro Treger-Gouelo\u00f9\" srcset=\"https:\/\/www.tiarvro22.bzh\/wp-content\/uploads\/2019\/12\/musiciens-cavan_web-1024x683.jpg 1024w, https:\/\/www.tiarvro22.bzh\/wp-content\/uploads\/2019\/12\/musiciens-cavan_web-300x200.jpg 300w, https:\/\/www.tiarvro22.bzh\/wp-content\/uploads\/2019\/12\/musiciens-cavan_web-768x512.jpg 768w, https:\/\/www.tiarvro22.bzh\/wp-content\/uploads\/2019\/12\/musiciens-cavan_web-624x416.jpg 624w, https:\/\/www.tiarvro22.bzh\/wp-content\/uploads\/2019\/12\/musiciens-cavan_web.jpg 1079w\" sizes=\"(max-width: 625px) 100vw, 625px\" \/>\t\t\t\t\t\t\t\t\t\t\t\t\t\t\t<\/div>\n\t\t\t\t<\/div>\n\t\t\t\t<div class=\"elementor-element elementor-element-1df77dd elementor-widget elementor-widget-text-editor\" data-id=\"1df77dd\" data-element_type=\"widget\" data-e-type=\"widget\" data-widget_type=\"text-editor.default\">\n\t\t\t\t<div class=\"elementor-widget-container\">\n\t\t\t\t\t\t\t\t\t<p><strong><em>Ti ar Vro\u00a0: les 20ans en 2026\u00a0!<\/em><\/strong><\/p><p><strong><em>Voil\u00e0 d\u00e9j\u00e0 20 ans que Ti ar Vro a ouvert ses portes sur la commune de Cavan. Il existe un Ti ar Vro dans chaque terroir de Bretagne. Ces maison sont charg\u00e9es d\u2019impulser des dynamiques autour de la langue et la culture bretonne sur leur territoire.<\/em><\/strong><br \/><strong><em>Cr\u00e9\u00e9e en 1996, la f\u00e9d\u00e9ration ou \u00ab Entente de Pays \u00bb regroupe 35 associations et plus de 350 membres. Cette maison est bien s\u00fbr une vitrine de la culture bretonne dans le Tr\u00e9gor-Go\u00eblo mais c\u2019est \u00e9galement un b\u00e2timent mutualiste qui regroupe plusieurs services et plusieurs structures diff\u00e9rentes qui \u0153uvrent pour la diffusion de la culture bretonne. Une dizaine de salari\u00e9s y travaillent chaque jour. Vous y trouvez notamment\u00a0:<\/em><\/strong><\/p><p><strong><em>Un service d\u2019enseignement du breton pour adultes<\/em><\/strong><br \/><em>Quatre enseignants \u00e0 temps plein dispensent des cours hebdomadaires sur une quinzaine de communes du Tr\u00e9gor-Go\u00eblo pour environ 300 \u00e9l\u00e8ves par semaine. Ti ar Vro donne aussi des cours \u00e0 LTC, Orange ou au lyc\u00e9e de Pommerit.<\/em><\/p><p><strong><em>Un service enfant-jeunesse<\/em><\/strong><br \/><em>Cr\u00e9\u00e9 en 2016, ce service vise par l\u2019organisation d\u2019activit\u00e9s et d\u2019animations scolaires ou de loisirs \u00e0 transmettre les sp\u00e9cificit\u00e9s culturelles du territoire aux enfants. Les animations concernent chaque ann\u00e9e environ 1 500 enfants des \u00e9coles du Tr\u00e9gor-Go\u00eblo.<\/em><\/p><p><em><strong>Une action de conseil et consulting<\/strong> dans de nombreux groupes de travail et au sein de plusieurs collectivit\u00e9s du territoire.<\/em><\/p><p><em><strong>Un studio de musique<\/strong> pour des cours hebdomadaires avec l\u2019\u00e9cole de musique des 3 Rivi\u00e8res ou pour des r\u00e9p\u00e9titions de groupes musicaux.<\/em><\/p><p><em><strong>Une biblioth\u00e8que en langue bretonne<\/strong>, antenne d\u00e9centralis\u00e9e de la Biblioth\u00e8que D\u00e9partementale des C\u00f4tes d\u2019Armor de Pl\u00e9rin.<\/em><\/p><p><em><strong>Un service d\u2019animation en breton pour les personnes \u00e2g\u00e9es.<\/strong> 32 Ehpad couverts pour des animations quotidiennes.<\/em><\/p><p><em><strong>Le bureau de Div Yezh Breizh,<\/strong> Association des parents d\u2019\u00e9l\u00e8ves pour l\u2019enseignement du\/en breton dans l\u2019enseignement public.<\/em><\/p><p><em><strong>Ti ar Vro c\u2019est aussi de tr\u00e8s nombreuses animations\u00a0:<\/strong> conf\u00e9rences, expositions, concerts, festo\u00f9-noz qui ont largement anim\u00e9s la commune de Cavan et le Tr\u00e9gor depuis 20 ans.<\/em><\/p><p><em>Plusieurs outils vous permettront d\u2019\u00eatre au courant de l\u2019activit\u00e9 de la structure : Une newsletter mensuelle, une page Facebook, un site internet, une cha\u00eene Youtube, un compte Instagram.<\/em><\/p><p><em>Horaires d\u2019ouverture\u00a0: du lundi au vendredi de 9h \u00e0 18h et le samedi matin<\/em><br \/><em><a href=\"http:\/\/www.tiarvro22.bzh\">www.tiarvro22.bzh<\/a> \/ <a href=\"mailto:contact@tiarvro22.bzh\">contact@tiarvro22.bzh<\/a><\/em><\/p>\t\t\t\t\t\t\t\t<\/div>\n\t\t\t\t<\/div>\n\t\t\t\t\t<\/div>\n\t\t<\/div>\n\t\t\t\t\t<\/div>\n\t\t<\/section>\n\t\t\t\t\t<\/div>\n\t\t<\/div>\n\t\t\t\t\t<\/div>\n\t\t<\/section>\n\t\t\t\t<\/div>\n\t\t","protected":false},"excerpt":{"rendered":"<p>MAISON DE LA CULTURE BRETONNE DU TREGOR-GO\u00cbLO AR SEVENADUR BREIZH E TREGER-GOUELOU Ti ar Vro\u00a0: 20 vloaz e 2026\u00a0! Ti ar Vro Treger-Gouelo\u00f9 a labour, abaoe ugent vloaz brema\u00f1, evit&#8230; <a href=\"https:\/\/www.tiarvro22.bzh\/index.php\/ti-ar-vro\/\">da heul &raquo;<\/a><\/p>\n","protected":false},"author":1,"featured_media":0,"parent":0,"menu_order":0,"comment_status":"closed","ping_status":"closed","template":"","meta":{"footnotes":""},"class_list":["post-16","page","type-page","status-publish","hentry"],"_links":{"self":[{"href":"https:\/\/www.tiarvro22.bzh\/index.php\/wp-json\/wp\/v2\/pages\/16","targetHints":{"allow":["GET"]}}],"collection":[{"href":"https:\/\/www.tiarvro22.bzh\/index.php\/wp-json\/wp\/v2\/pages"}],"about":[{"href":"https:\/\/www.tiarvro22.bzh\/index.php\/wp-json\/wp\/v2\/types\/page"}],"author":[{"embeddable":true,"href":"https:\/\/www.tiarvro22.bzh\/index.php\/wp-json\/wp\/v2\/users\/1"}],"replies":[{"embeddable":true,"href":"https:\/\/www.tiarvro22.bzh\/index.php\/wp-json\/wp\/v2\/comments?post=16"}],"version-history":[{"count":10,"href":"https:\/\/www.tiarvro22.bzh\/index.php\/wp-json\/wp\/v2\/pages\/16\/revisions"}],"predecessor-version":[{"id":3661,"href":"https:\/\/www.tiarvro22.bzh\/index.php\/wp-json\/wp\/v2\/pages\/16\/revisions\/3661"}],"wp:attachment":[{"href":"https:\/\/www.tiarvro22.bzh\/index.php\/wp-json\/wp\/v2\/media?parent=16"}],"curies":[{"name":"wp","href":"https:\/\/api.w.org\/{rel}","templated":true}]}}