{"id":91,"date":"2019-12-05T15:44:40","date_gmt":"2019-12-05T14:44:40","guid":{"rendered":"http:\/\/www.tiarvro22.bzh\/?page_id=91"},"modified":"2023-10-16T15:26:59","modified_gmt":"2023-10-16T13:26:59","slug":"ecoles-bilingues","status":"publish","type":"page","link":"https:\/\/www.tiarvro22.bzh\/index.php\/ecoles-bilingues\/","title":{"rendered":"Ecoles bilingues"},"content":{"rendered":"\t\t<div data-elementor-type=\"wp-page\" data-elementor-id=\"91\" class=\"elementor elementor-91\">\n\t\t\t\t\t\t<section class=\"elementor-section elementor-top-section elementor-element elementor-element-f97ec2a elementor-section-boxed elementor-section-height-default elementor-section-height-default\" data-id=\"f97ec2a\" data-element_type=\"section\" data-e-type=\"section\">\n\t\t\t\t\t\t<div class=\"elementor-container elementor-column-gap-default\">\n\t\t\t\t\t<div class=\"elementor-column elementor-col-100 elementor-top-column elementor-element elementor-element-1d287be\" data-id=\"1d287be\" data-element_type=\"column\" data-e-type=\"column\">\n\t\t\t<div class=\"elementor-widget-wrap elementor-element-populated\">\n\t\t\t\t\t\t<div class=\"elementor-element elementor-element-ea0bb63 elementor-widget elementor-widget-heading\" data-id=\"ea0bb63\" data-element_type=\"widget\" data-e-type=\"widget\" data-widget_type=\"heading.default\">\n\t\t\t\t<div class=\"elementor-widget-container\">\n\t\t\t\t\t<h2 class=\"elementor-heading-title elementor-size-default\">L'ENSEIGNEMENT BILINGUE : UNE CHANCE !<\/h2>\t\t\t\t<\/div>\n\t\t\t\t<\/div>\n\t\t\t\t<div class=\"elementor-element elementor-element-bbcf4f5 elementor-widget elementor-widget-heading\" data-id=\"bbcf4f5\" data-element_type=\"widget\" data-e-type=\"widget\" data-widget_type=\"heading.default\">\n\t\t\t\t<div class=\"elementor-widget-container\">\n\t\t\t\t\t<h2 class=\"elementor-heading-title elementor-size-default\">DESKI\u00d1 BREZHONEG D'AR VUGALE<\/h2>\t\t\t\t<\/div>\n\t\t\t\t<\/div>\n\t\t\t\t<div class=\"elementor-element elementor-element-79407c1 elementor-widget elementor-widget-image\" data-id=\"79407c1\" data-element_type=\"widget\" data-e-type=\"widget\" data-widget_type=\"image.default\">\n\t\t\t\t<div class=\"elementor-widget-container\">\n\t\t\t\t\t\t\t\t\t\t\t\t\t\t\t<img fetchpriority=\"high\" decoding=\"async\" width=\"625\" height=\"417\" src=\"https:\/\/www.tiarvro22.bzh\/wp-content\/uploads\/2019\/12\/Skol-Kawan1_2018.jpg\" class=\"attachment-large size-large wp-image-107\" alt=\"Skol Kawan 2018\" srcset=\"https:\/\/www.tiarvro22.bzh\/wp-content\/uploads\/2019\/12\/Skol-Kawan1_2018.jpg 886w, https:\/\/www.tiarvro22.bzh\/wp-content\/uploads\/2019\/12\/Skol-Kawan1_2018-300x200.jpg 300w, https:\/\/www.tiarvro22.bzh\/wp-content\/uploads\/2019\/12\/Skol-Kawan1_2018-768x512.jpg 768w, https:\/\/www.tiarvro22.bzh\/wp-content\/uploads\/2019\/12\/Skol-Kawan1_2018-624x416.jpg 624w\" sizes=\"(max-width: 625px) 100vw, 625px\" \/>\t\t\t\t\t\t\t\t\t\t\t\t\t\t\t<\/div>\n\t\t\t\t<\/div>\n\t\t\t\t<section class=\"elementor-section elementor-inner-section elementor-element elementor-element-f7b58a8 elementor-section-boxed elementor-section-height-default elementor-section-height-default\" data-id=\"f7b58a8\" data-element_type=\"section\" data-e-type=\"section\">\n\t\t\t\t\t\t<div class=\"elementor-container elementor-column-gap-default\">\n\t\t\t\t\t<div class=\"elementor-column elementor-col-50 elementor-inner-column elementor-element elementor-element-f6c3a28\" data-id=\"f6c3a28\" data-element_type=\"column\" data-e-type=\"column\">\n\t\t\t<div class=\"elementor-widget-wrap elementor-element-populated\">\n\t\t\t\t\t\t<div class=\"elementor-element elementor-element-86ad7a2 elementor-widget elementor-widget-text-editor\" data-id=\"86ad7a2\" data-element_type=\"widget\" data-e-type=\"widget\" data-widget_type=\"text-editor.default\">\n\t\t\t\t<div class=\"elementor-widget-container\">\n\t\t\t\t\t\t\t\t\t<p>Deski\u00f1 brezhoneg d\u2019ar vugale a zo un doare da zeski\u00f1 dezho un identelezh hag ur sevenadur, anat eo. An hentenn divyezhek a lak ar vugale da deski\u00f1 un eil yezh en bihan, ar pezh a lak o spered da veza\u00f1 digoroc\u2019h c\u2019hoazh. Kavet e vez an teir hentenn divyezhek e Treger hag e Gouelo\u00f9, da lavaret eo Diwan, Dihun ha Div Yezh.<\/p>\t\t\t\t\t\t\t\t<\/div>\n\t\t\t\t<\/div>\n\t\t\t\t\t<\/div>\n\t\t<\/div>\n\t\t\t\t<div class=\"elementor-column elementor-col-50 elementor-inner-column elementor-element elementor-element-4496575\" data-id=\"4496575\" data-element_type=\"column\" data-e-type=\"column\">\n\t\t\t<div class=\"elementor-widget-wrap elementor-element-populated\">\n\t\t\t\t\t\t<div class=\"elementor-element elementor-element-f86d702 elementor-widget elementor-widget-text-editor\" data-id=\"f86d702\" data-element_type=\"widget\" data-e-type=\"widget\" data-widget_type=\"text-editor.default\">\n\t\t\t\t<div class=\"elementor-widget-container\">\n\t\t\t\t\t\t\t\t\t<p><i>Au del\u00e0 de l\u2019apprentissage de sp\u00e9cificit\u00e9s, d\u2019une identit\u00e9, d\u2019une culture, d\u2019une appartenance, la fili\u00e8re d\u2019\u00e9ducation bilingue permet \u00e9galement l\u2019apprentissage pr\u00e9coce d\u2019une seconde langue. Cet enseignement ouvre les capacit\u00e9s intellectuelles de l\u2019enfant et l\u2019am\u00e8ne notamment \u00e0 comprendre la diff\u00e9rence. Le Tr\u00e9gor-Go\u00eblo dispose des 3 fili\u00e8res d\u2019apprentissage existantes en Bretagne.<\/i><\/p>\t\t\t\t\t\t\t\t<\/div>\n\t\t\t\t<\/div>\n\t\t\t\t\t<\/div>\n\t\t<\/div>\n\t\t\t\t\t<\/div>\n\t\t<\/section>\n\t\t\t\t<div class=\"elementor-element elementor-element-48030b6 elementor-widget elementor-widget-text-editor\" data-id=\"48030b6\" data-element_type=\"widget\" data-e-type=\"widget\" data-widget_type=\"text-editor.default\">\n\t\t\t\t<div class=\"elementor-widget-container\">\n\t\t\t\t\t\t\t\t\t<p><b>DIV YEZH <\/b>\/ <a href=\"http:\/\/www.div-yezh.bzh\" target=\"_blank\" rel=\"noopener\">www.div-yezh.bzh<\/a><br \/><i>(Fili\u00e8res bilingues de l\u2019Education Publique) <\/i><\/p><p><b>Ecole Publique \u2013 Section bilingue<\/b><br \/>Hent Balor\u00e9 22140 BEAR &#8211; 02 96 45 29 74<br \/><b>Ecole publique \u2013 Section bilingue<\/b><br \/>12, hent ar Jeneral de Gaulle 22140 KAWAN &#8211; 02 96 35 95 02<br \/><b>Coll\u00e8ge Jacques Pr\u00e9vert \u2013 Section bilingue<\/b><br \/>58, hent an Drinded 22200 GWENGAMP &#8211; 02 96 44 20 89<br \/><b>Ecole publique bilingue St-Roch<\/b><br \/>Straed Louzaouenn-an-Ha\u00f1v 22300 LANNUON &#8211; 02 96 48 75 54<br \/><b>Coll\u00e8ge Charles Le Goffic &#8211; Section bilingue<\/b><br \/>7, Penn ar Stank 22300 LANNUON &#8211; 02 96 37 44 64<br \/><b>Lyc\u00e9e F\u00e9lix Le Dantec \u2013 Section bilingue<\/b><br \/>Hent ar Gorderienn \u2013 BP 249 &#8211; 22300 LANNUON &#8211; 02 96 37 64 56<br \/><b>Ecole publique \u2013 Section bilingue<\/b><br \/>11, ale ar Faou 22540 LOUERGAD &#8211; 02 96 43 12 36<br \/><b>Skol ar Yezho\u00f9 \u2013 Ecole publique<\/b><br \/>22, hent an iliz 22200 PABU &#8211; 02 96 40 68 96 \/ 02 96 20 88 96<br \/><b>Ecole publique \u2013 Section bilingue<\/b><br \/>Hent ar Mor 22710 PERWENAN &#8211; 02 96 92 66 77 \/ 02 96 92 65 18<br \/><b>Ecole maternelle publique \u2013 Section bilingue<\/b><br \/>3, hent ar Skolio\u00f9 22310 PLISTIN &#8211; 02 96 35 66 80<br \/><b>Ecole primaire publique \u2013 Section bilingue<\/b><br \/>18, hent ar Skolio\u00f9 22310 PLISTIN &#8211; 02 96 35 66 81<br \/><b>Ecole publique \u2013 Section bilingue<\/b><br \/>8, hent Beaumanoir 22260 PLEUZAL &#8211; 02 96 95 17 62<br \/><b>Ecole publique \u2013 Section bilingue<\/b><br \/>12 hent Jean-Marie Le Foll 22300 PLOUB\u00caR &#8211; 02 96 47 13 01<br \/>Coll\u00e8ge Jean-Louis Hamon &#8211; Section bilingue<br \/>Hent Dixmude 22580 PLOUHA &#8211; 02 96 20 20 49<br \/><b>Ecole maternelle publique Jacques et Mona Ozouf\u2013 Section bilingue<\/b><br \/>Bali Laennec 22580 PLOUHA &#8211; 02 96 20 24 46<br \/><b>Ecole primaire publique Th\u00e9ophile Le Lannou \u2013 Section bilingue<\/b><br \/>Bali Laennec 22580 PLOUHA &#8211; 02 96 20 24 46<br \/><b>Ecole maternelle Marcel Le Roy \u2013 Section bilingue<\/b><br \/>5, hent Yves Le Bitter 22470 PLOUEG AR MOR &#8211; 02 96 20 64 38<br \/><b>Ecole maternelle Christian Le Verge \u2013 Section bilingue<\/b><br \/>26, hent an Ti-Post 22970 PLOUVAGOR &#8211; 02 96 44 34 58<br \/><b>Ecole publique \u2013 Section bilingue<\/b><br \/>6, hent an 19 a viz Meurzh 1962 22810 PLOUNEVEZ-MOEDEG \u00a0\u00a0 02 96 54 72 72<br \/><b>Ecole publique Triskol \u2013 Section bilingue<\/b><br \/>11 hent Julien Marie le Hu\u00e9rou 22140 PRAD &#8211; 02 96 47 07 30<br \/><b>Ecole publique \u2013 Section bilingue<\/b><br \/>5, hent Bro-Dreger 22260 RUNAN &#8211; 02 96 95 62 87\u00a0\u00a0 \u00a0<br \/><b>Ecole publique du Picherel \u2013 Section bilingue<\/b><br \/>Hent ar Palakred 22730 TREGASTELL 02 96 23 87 91 &#8211; 02 96 15 36 69<br \/><b>Ecole publique \u2013 Section bilingue<\/b><br \/>20 Hent Penn ar Pav\u00e9 22420 AR C&rsquo;HOUERC&rsquo;HAD \/ LE VIEUX-MARCHE &#8211; 02 96 38 92 72<\/p><p><b>DIWAN <\/b>\/ <a href=\"http:\/\/www.diwan.bzh\" target=\"_blank\" rel=\"noopener\">www.diwan.bzh<\/a><br \/><i>(\u00e9cole associative immersive)<\/i><\/p><p><b>Skol Diwan BOULVRIAG <\/b><br \/>Koad Lio\u00f9 22390 BOULVRIAG &#8211; 02 96 92 31 62\u00a0\u00a0 \u00a0<br \/><b>Skol Diwan GWENGAMP<\/b><br \/>hent Sant-Salver 22200 GWENGAMP &#8211; 02 96 44 37 54<br \/><b>Skol Diwan LANNUON <\/b><br \/>Kernedeleg 22300 LOGIVI-LANNUON &#8211; 02 96 37 49 03<br \/><b>Skol Diwan LOUANEG<\/b><br \/>5, hent Sant-Erwan 22700 LOUANEG &#8211; 02 96 91 01 34<br \/><b>Skol Diwan PEMPOULL <\/b><br \/>2 hent K\u00earjikel, Plounez\u00a0 22500 PEMPOULL &#8211; 02 96 22 08 48<br \/><b>Skolaj Diwan Bro-Dreger <\/b><br \/>6, hent Sant-P\u00ear 22720 PLIJIDI &#8211; 02 96 21 48 73<br \/><b>Skol Diwan PLOUNEVEZ <\/b><br \/>14, hent J. Moulin &#8211; 22810 Plounevez-Moedeg &#8211; 02 96 54 73 88<\/p><p><b>DIVASKELL <\/b>\/ <a href=\"http:\/\/www.divaskell.bzh\" target=\"_blank\" rel=\"noopener\">www.divaskell.bzh<\/a><br \/><i>(Fili\u00e8res bilingues de l\u2019Education Catholique)<\/i><\/p><p><b>Ecole St-Briac \u2013 Section bilingue<\/b><br \/>17, hent Koad Lio\u00f9 22390 BOULVRIAG &#8211; 02 96 43 40 48\u00a0\u00a0 \u00a0<br \/><b>Ecole Primaire St-L\u00e9onard &#8211; Section bilingue<\/b><br \/>20, hent ar Jeneral Leclerc 22200 GWENGAMP &#8211; 02 96 43 71 47<br \/><b>Lyc\u00e9e Notre Dame &#8211; Section bilingue<\/b><br \/>21 Rue des Capucins 22200 GWENGAMP &#8211; 02 96 40 21 50<br \/><b>Ecole Primaire Jeanne d\u2019Arc \u2013 Section bilingue<\/b><br \/>6, hent an Obero\u00f9-mat 22300 LANNUON &#8211; 02 96 46 26 10<br \/><b>Ecole St-Yves \u2013 Section bilingue<\/b><br \/>13, hent Sergent L\u2019H\u00e9v\u00e9der 22700 PERROZ-GIREG &#8211; 02 96 23 21 60<br \/><b>Ecole Ste-Marie \u2013 Section bilingue<\/b><br \/>1, hent Kemperven 22300 ROSPEZH &#8211; 02 96 38 02 08<br \/><b>Ecole Notre-Dame \u2013 Section bilingue<\/b><br \/>6, hent Sant-Andrev &#8211; 22220 LANDREGER &#8211; 02 96 92 24 28<\/p><p>\u00a0<\/p>\t\t\t\t\t\t\t\t<\/div>\n\t\t\t\t<\/div>\n\t\t\t\t\t<\/div>\n\t\t<\/div>\n\t\t\t\t\t<\/div>\n\t\t<\/section>\n\t\t\t\t<\/div>\n\t\t","protected":false},"excerpt":{"rendered":"<p>L&rsquo;ENSEIGNEMENT BILINGUE : UNE CHANCE ! DESKI\u00d1 BREZHONEG D&rsquo;AR VUGALE Deski\u00f1 brezhoneg d\u2019ar vugale a zo un doare da zeski\u00f1 dezho un identelezh hag ur sevenadur, anat eo. An hentenn&#8230; <a href=\"https:\/\/www.tiarvro22.bzh\/index.php\/ecoles-bilingues\/\">da heul &raquo;<\/a><\/p>\n","protected":false},"author":1,"featured_media":0,"parent":0,"menu_order":0,"comment_status":"closed","ping_status":"closed","template":"","meta":{"footnotes":""},"class_list":["post-91","page","type-page","status-publish","hentry"],"_links":{"self":[{"href":"https:\/\/www.tiarvro22.bzh\/index.php\/wp-json\/wp\/v2\/pages\/91","targetHints":{"allow":["GET"]}}],"collection":[{"href":"https:\/\/www.tiarvro22.bzh\/index.php\/wp-json\/wp\/v2\/pages"}],"about":[{"href":"https:\/\/www.tiarvro22.bzh\/index.php\/wp-json\/wp\/v2\/types\/page"}],"author":[{"embeddable":true,"href":"https:\/\/www.tiarvro22.bzh\/index.php\/wp-json\/wp\/v2\/users\/1"}],"replies":[{"embeddable":true,"href":"https:\/\/www.tiarvro22.bzh\/index.php\/wp-json\/wp\/v2\/comments?post=91"}],"version-history":[{"count":8,"href":"https:\/\/www.tiarvro22.bzh\/index.php\/wp-json\/wp\/v2\/pages\/91\/revisions"}],"predecessor-version":[{"id":2269,"href":"https:\/\/www.tiarvro22.bzh\/index.php\/wp-json\/wp\/v2\/pages\/91\/revisions\/2269"}],"wp:attachment":[{"href":"https:\/\/www.tiarvro22.bzh\/index.php\/wp-json\/wp\/v2\/media?parent=91"}],"curies":[{"name":"wp","href":"https:\/\/api.w.org\/{rel}","templated":true}]}}