{"id":94,"date":"2019-12-05T15:45:40","date_gmt":"2019-12-05T14:45:40","guid":{"rendered":"http:\/\/www.tiarvro22.bzh\/?page_id=94"},"modified":"2019-12-06T16:25:19","modified_gmt":"2019-12-06T15:25:19","slug":"formations-intensives","status":"publish","type":"page","link":"https:\/\/www.tiarvro22.bzh\/index.php\/formations-intensives\/","title":{"rendered":"Formations intensives"},"content":{"rendered":"\t\t<div data-elementor-type=\"wp-page\" data-elementor-id=\"94\" class=\"elementor elementor-94\">\n\t\t\t\t\t\t<section class=\"elementor-section elementor-top-section elementor-element elementor-element-eec0155 elementor-section-boxed elementor-section-height-default elementor-section-height-default\" data-id=\"eec0155\" data-element_type=\"section\" data-e-type=\"section\">\n\t\t\t\t\t\t<div class=\"elementor-container elementor-column-gap-default\">\n\t\t\t\t\t<div class=\"elementor-column elementor-col-100 elementor-top-column elementor-element elementor-element-5b60010\" data-id=\"5b60010\" data-element_type=\"column\" data-e-type=\"column\">\n\t\t\t<div class=\"elementor-widget-wrap elementor-element-populated\">\n\t\t\t\t\t\t<div class=\"elementor-element elementor-element-1193471 elementor-widget elementor-widget-heading\" data-id=\"1193471\" data-element_type=\"widget\" data-e-type=\"widget\" data-widget_type=\"heading.default\">\n\t\t\t\t<div class=\"elementor-widget-container\">\n\t\t\t\t\t<h2 class=\"elementor-heading-title elementor-size-default\">SCOP ROUDOUR<\/h2>\t\t\t\t<\/div>\n\t\t\t\t<\/div>\n\t\t\t\t\t<\/div>\n\t\t<\/div>\n\t\t\t\t\t<\/div>\n\t\t<\/section>\n\t\t\t\t<section class=\"elementor-section elementor-top-section elementor-element elementor-element-ae84b7f elementor-section-boxed elementor-section-height-default elementor-section-height-default\" data-id=\"ae84b7f\" data-element_type=\"section\" data-e-type=\"section\">\n\t\t\t\t\t\t<div class=\"elementor-container elementor-column-gap-default\">\n\t\t\t\t\t<div class=\"elementor-column elementor-col-100 elementor-top-column elementor-element elementor-element-d8d1fc5\" data-id=\"d8d1fc5\" data-element_type=\"column\" data-e-type=\"column\">\n\t\t\t<div class=\"elementor-widget-wrap elementor-element-populated\">\n\t\t\t\t\t\t<section class=\"elementor-section elementor-inner-section elementor-element elementor-element-29fe3ba elementor-section-boxed elementor-section-height-default elementor-section-height-default\" data-id=\"29fe3ba\" data-element_type=\"section\" data-e-type=\"section\">\n\t\t\t\t\t\t<div class=\"elementor-container elementor-column-gap-default\">\n\t\t\t\t\t<div class=\"elementor-column elementor-col-50 elementor-inner-column elementor-element elementor-element-b2d965c\" data-id=\"b2d965c\" data-element_type=\"column\" data-e-type=\"column\">\n\t\t\t<div class=\"elementor-widget-wrap elementor-element-populated\">\n\t\t\t\t\t\t<div class=\"elementor-element elementor-element-852f84a elementor-widget elementor-widget-image\" data-id=\"852f84a\" data-element_type=\"widget\" data-e-type=\"widget\" data-widget_type=\"image.default\">\n\t\t\t\t<div class=\"elementor-widget-container\">\n\t\t\t\t\t\t\t\t\t\t\t\t\t\t\t<img fetchpriority=\"high\" decoding=\"async\" width=\"591\" height=\"863\" src=\"https:\/\/www.tiarvro22.bzh\/wp-content\/uploads\/2019\/12\/parler-breton-dans-neuf-mois_web.png\" class=\"attachment-large size-large wp-image-156\" alt=\"Roudour\" srcset=\"https:\/\/www.tiarvro22.bzh\/wp-content\/uploads\/2019\/12\/parler-breton-dans-neuf-mois_web.png 591w, https:\/\/www.tiarvro22.bzh\/wp-content\/uploads\/2019\/12\/parler-breton-dans-neuf-mois_web-205x300.png 205w\" sizes=\"(max-width: 591px) 100vw, 591px\" \/>\t\t\t\t\t\t\t\t\t\t\t\t\t\t\t<\/div>\n\t\t\t\t<\/div>\n\t\t\t\t<div class=\"elementor-element elementor-element-a68f452 elementor-widget elementor-widget-text-editor\" data-id=\"a68f452\" data-element_type=\"widget\" data-e-type=\"widget\" data-widget_type=\"text-editor.default\">\n\t\t\t\t<div class=\"elementor-widget-container\">\n\t\t\t\t\t\t\t\t\t<p>Ur prantad stumma\u00f1 nevez a vo kinniget gant Roudour adalek miz Gwengolo 2020, nav miz evit komz brezhoneg. Dalc&rsquo;het e vo ar stummadur e c&rsquo;hwec&rsquo;h lec&rsquo;h ar bloaz-ma\u00f1: Brest, Henbont, Lannuon, Montroulez, Kemper ha Karaez.<\/p><p>Digor eo d&rsquo;an holl re a fell dezho komz brezhoneg ha labourat gant ar yezh. Pal an 9 miz eo tizhout al live B2 pe C1.<\/p><p>Evit an dud dilabour eo arc&rsquo;hantaouet ar stummadur gant rannvro Breizh. Evit ar c&rsquo;hopridi e c&rsquo;hell beza\u00f1 arc&rsquo;hantaouet gant o c&rsquo;hKPS (Kont Personel Stumma\u00f1).<\/p><p><a href=\"https:\/\/www.roudour.bzh\/\" target=\"_blank\" rel=\"noopener\">Roudour<\/a><\/p>\t\t\t\t\t\t\t\t<\/div>\n\t\t\t\t<\/div>\n\t\t\t\t\t<\/div>\n\t\t<\/div>\n\t\t\t\t<div class=\"elementor-column elementor-col-50 elementor-inner-column elementor-element elementor-element-3e75418\" data-id=\"3e75418\" data-element_type=\"column\" data-e-type=\"column\">\n\t\t\t<div class=\"elementor-widget-wrap elementor-element-populated\">\n\t\t\t\t\t\t<div class=\"elementor-element elementor-element-24345ff elementor-widget elementor-widget-text-editor\" data-id=\"24345ff\" data-element_type=\"widget\" data-e-type=\"widget\" data-widget_type=\"text-editor.default\">\n\t\t\t\t<div class=\"elementor-widget-container\">\n\t\t\t\t\t\t\t\t\t<p><b>STUMMADUR HIR ROUDOUR<br \/>Formation longue de breton<\/b><\/p><p>Roudour propose une nouvelle formation \u00e0 partir de septembre 2020, neuf mois pour parler breton. Cette formation aura lieu sur six sites : Brest, Hennebont, <b>Lannion<\/b>, Morlaix, Quimper et Carhaix.<\/p><p>Elle est ouverte \u00e0 tous ceux qui souhaitent parler breton et l&rsquo;utiliser professionnellement. L&rsquo;objectif de la formation est d&rsquo;atteindre le niveau B2 ou C1.<\/p><p>La r\u00e9gion Bretagne finance la formation pour les demandeurs d&#8217;emploi. Les salari\u00e9s peuvent utiliser leur Compte Personnel de Formation (CPF).<\/p><p>En savoir plus sur la formation <a href=\"https:\/\/www.roudour.bzh\/\" target=\"_blank\" rel=\"noopener\">ici<\/a>.<\/p>\t\t\t\t\t\t\t\t<\/div>\n\t\t\t\t<\/div>\n\t\t\t\t\t<\/div>\n\t\t<\/div>\n\t\t\t\t\t<\/div>\n\t\t<\/section>\n\t\t\t\t<div class=\"elementor-element elementor-element-5e59e44 elementor-widget elementor-widget-heading\" data-id=\"5e59e44\" data-element_type=\"widget\" data-e-type=\"widget\" data-widget_type=\"heading.default\">\n\t\t\t\t<div class=\"elementor-widget-container\">\n\t\t\t\t\t<h2 class=\"elementor-heading-title elementor-size-default\">STUMDI<\/h2>\t\t\t\t<\/div>\n\t\t\t\t<\/div>\n\t\t\t\t<section class=\"elementor-section elementor-inner-section elementor-element elementor-element-3f11f35 elementor-section-boxed elementor-section-height-default elementor-section-height-default\" data-id=\"3f11f35\" data-element_type=\"section\" data-e-type=\"section\">\n\t\t\t\t\t\t<div class=\"elementor-container elementor-column-gap-default\">\n\t\t\t\t\t<div class=\"elementor-column elementor-col-50 elementor-inner-column elementor-element elementor-element-e5bcb6d\" data-id=\"e5bcb6d\" data-element_type=\"column\" data-e-type=\"column\">\n\t\t\t<div class=\"elementor-widget-wrap elementor-element-populated\">\n\t\t\t\t\t\t<div class=\"elementor-element elementor-element-4e64ed5 elementor-widget elementor-widget-image\" data-id=\"4e64ed5\" data-element_type=\"widget\" data-e-type=\"widget\" data-widget_type=\"image.default\">\n\t\t\t\t<div class=\"elementor-widget-container\">\n\t\t\t\t\t\t\t\t\t\t\t\t\t\t\t<img decoding=\"async\" width=\"450\" height=\"339\" src=\"https:\/\/www.tiarvro22.bzh\/wp-content\/uploads\/2019\/12\/stumdi-2019.jpg\" class=\"attachment-large size-large wp-image-157\" alt=\"Stumdi\" srcset=\"https:\/\/www.tiarvro22.bzh\/wp-content\/uploads\/2019\/12\/stumdi-2019.jpg 450w, https:\/\/www.tiarvro22.bzh\/wp-content\/uploads\/2019\/12\/stumdi-2019-300x226.jpg 300w, https:\/\/www.tiarvro22.bzh\/wp-content\/uploads\/2019\/12\/stumdi-2019-240x180.jpg 240w\" sizes=\"(max-width: 450px) 100vw, 450px\" \/>\t\t\t\t\t\t\t\t\t\t\t\t\t\t\t<\/div>\n\t\t\t\t<\/div>\n\t\t\t\t<div class=\"elementor-element elementor-element-76ea97b elementor-widget elementor-widget-text-editor\" data-id=\"76ea97b\" data-element_type=\"widget\" data-e-type=\"widget\" data-widget_type=\"text-editor.default\">\n\t\t\t\t<div class=\"elementor-widget-container\">\n\t\t\t\t\t\t\t\t\t<p>Kinniget e vo gant aozadur stumma\u00f1 Stumdi meur a brantad stumma\u00f1 diplomus (D.B.Y) evit deski\u00f1 pe kre\u00f1vaat al live brezhoneg :<\/p><p>E 6 lec\u2019h : Aradon (56), Brest (29), <b>Gwengamp (22)<\/b>, Landerne (29), Pla\u00f1vour (56) ha <b>St-Brieg (22) <\/b><\/p>\t\t\t\t\t\t\t\t<\/div>\n\t\t\t\t<\/div>\n\t\t\t\t\t<\/div>\n\t\t<\/div>\n\t\t\t\t<div class=\"elementor-column elementor-col-50 elementor-inner-column elementor-element elementor-element-100adde\" data-id=\"100adde\" data-element_type=\"column\" data-e-type=\"column\">\n\t\t\t<div class=\"elementor-widget-wrap elementor-element-populated\">\n\t\t\t\t\t\t<div class=\"elementor-element elementor-element-7fe2796 elementor-widget elementor-widget-text-editor\" data-id=\"7fe2796\" data-element_type=\"widget\" data-e-type=\"widget\" data-widget_type=\"text-editor.default\">\n\t\t\t\t<div class=\"elementor-widget-container\">\n\t\t\t\t\t\t\t\t\t<p><b>STUMMADURIO\u00d9 DIBAOUEZ WAR AR BREZHONEG<br \/>FORMATIONS CONTINUES EN LANGUE BRETONNE<\/b><\/p><p>L\u2019organisme de formation Stumdi propose plusieurs sessions de formations dipl\u00f4mantes (D.C.L) pour apprendre ou approfondir son niveau de breton :<\/p><p>Sur 6 sites : Arradon (56), Brest (29), <b>Guingamp (22<\/b>), Landerneau (29), Ploemeur (56) et <b>St-Brieuc (22)<\/b><\/p><p>Contact : 02 98 21 39 94 \/ <a href=\"mailto:contact@stumdi.bzh\">contact@stumdi.bzh<\/a><br \/>Site internet : <a href=\"http:\/\/www.stumdi.bzh\" target=\"_blank\" rel=\"noopener\">www.stumdi.bzh<\/a><\/p>\t\t\t\t\t\t\t\t<\/div>\n\t\t\t\t<\/div>\n\t\t\t\t\t<\/div>\n\t\t<\/div>\n\t\t\t\t\t<\/div>\n\t\t<\/section>\n\t\t\t\t\t<\/div>\n\t\t<\/div>\n\t\t\t\t\t<\/div>\n\t\t<\/section>\n\t\t\t\t<\/div>\n\t\t","protected":false},"excerpt":{"rendered":"<p>SCOP ROUDOUR Ur prantad stumma\u00f1 nevez a vo kinniget gant Roudour adalek miz Gwengolo 2020, nav miz evit komz brezhoneg. Dalc&rsquo;het e vo ar stummadur e c&rsquo;hwec&rsquo;h lec&rsquo;h ar bloaz-ma\u00f1:&#8230; <a href=\"https:\/\/www.tiarvro22.bzh\/index.php\/formations-intensives\/\">da heul &raquo;<\/a><\/p>\n","protected":false},"author":1,"featured_media":0,"parent":0,"menu_order":0,"comment_status":"closed","ping_status":"closed","template":"","meta":{"footnotes":""},"class_list":["post-94","page","type-page","status-publish","hentry"],"_links":{"self":[{"href":"https:\/\/www.tiarvro22.bzh\/index.php\/wp-json\/wp\/v2\/pages\/94","targetHints":{"allow":["GET"]}}],"collection":[{"href":"https:\/\/www.tiarvro22.bzh\/index.php\/wp-json\/wp\/v2\/pages"}],"about":[{"href":"https:\/\/www.tiarvro22.bzh\/index.php\/wp-json\/wp\/v2\/types\/page"}],"author":[{"embeddable":true,"href":"https:\/\/www.tiarvro22.bzh\/index.php\/wp-json\/wp\/v2\/users\/1"}],"replies":[{"embeddable":true,"href":"https:\/\/www.tiarvro22.bzh\/index.php\/wp-json\/wp\/v2\/comments?post=94"}],"version-history":[{"count":3,"href":"https:\/\/www.tiarvro22.bzh\/index.php\/wp-json\/wp\/v2\/pages\/94\/revisions"}],"predecessor-version":[{"id":159,"href":"https:\/\/www.tiarvro22.bzh\/index.php\/wp-json\/wp\/v2\/pages\/94\/revisions\/159"}],"wp:attachment":[{"href":"https:\/\/www.tiarvro22.bzh\/index.php\/wp-json\/wp\/v2\/media?parent=94"}],"curies":[{"name":"wp","href":"https:\/\/api.w.org\/{rel}","templated":true}]}}